{"id":66,"date":"2009-09-18T14:21:41","date_gmt":"2009-09-18T12:21:41","guid":{"rendered":"http:\/\/www.igkulturaargau.ch\/?page_id=66"},"modified":"2025-05-21T09:33:56","modified_gmt":"2025-05-21T07:33:56","slug":"kontakt","status":"publish","type":"page","link":"https:\/\/www.igkulturaargau.ch\/?page_id=66","title":{"rendered":"Kontakt"},"content":{"rendered":"<p><strong>Postadresse<\/strong><\/p>\n<p>Interessengemeinschaft Kultur Aargau<br \/>\nKronengasse 4<br \/>\n5400 Baden<\/p>\n<p><strong>Mail<\/strong><\/p>\n<p><a href=\"mailto:info@igkulturaargau.ch\">info@igkulturaargau.ch<\/a><\/p>\n<p><strong>F\u00fcr Ausk\u00fcnfte rund um die Mitgliedschaft bei der IG Kultur:<\/strong><\/p>\n<ul>\n<li>Bruno Meier, Pr\u00e4sident IG<\/li>\n<li>Dominik Achermann, Verlagsleiter AAKU<\/li>\n<\/ul>\n","protected":false},"excerpt":{"rendered":"<p>Postadresse Interessengemeinschaft Kultur Aargau Kronengasse 4 5400 Baden Mail info@igkulturaargau.ch F\u00fcr Ausk\u00fcnfte rund um die Mitgliedschaft bei der IG Kultur: Bruno Meier, Pr\u00e4sident IG Dominik Achermann, Verlagsleiter AAKU<\/p>\n","protected":false},"author":2,"featured_media":0,"parent":0,"menu_order":50,"comment_status":"closed","ping_status":"closed","template":"","meta":{"footnotes":""},"class_list":["post-66","page","type-page","status-publish","hentry"],"_links":{"self":[{"href":"https:\/\/www.igkulturaargau.ch\/index.php?rest_route=\/wp\/v2\/pages\/66","targetHints":{"allow":["GET"]}}],"collection":[{"href":"https:\/\/www.igkulturaargau.ch\/index.php?rest_route=\/wp\/v2\/pages"}],"about":[{"href":"https:\/\/www.igkulturaargau.ch\/index.php?rest_route=\/wp\/v2\/types\/page"}],"author":[{"embeddable":true,"href":"https:\/\/www.igkulturaargau.ch\/index.php?rest_route=\/wp\/v2\/users\/2"}],"replies":[{"embeddable":true,"href":"https:\/\/www.igkulturaargau.ch\/index.php?rest_route=%2Fwp%2Fv2%2Fcomments&post=66"}],"version-history":[{"count":15,"href":"https:\/\/www.igkulturaargau.ch\/index.php?rest_route=\/wp\/v2\/pages\/66\/revisions"}],"predecessor-version":[{"id":566,"href":"https:\/\/www.igkulturaargau.ch\/index.php?rest_route=\/wp\/v2\/pages\/66\/revisions\/566"}],"wp:attachment":[{"href":"https:\/\/www.igkulturaargau.ch\/index.php?rest_route=%2Fwp%2Fv2%2Fmedia&parent=66"}],"curies":[{"name":"wp","href":"https:\/\/api.w.org\/{rel}","templated":true}]}}