{"id":147,"date":"2009-11-20T09:26:51","date_gmt":"2009-11-20T07:26:51","guid":{"rendered":"http:\/\/www.igkulturaargau.ch\/?page_id=147"},"modified":"2022-04-07T12:17:35","modified_gmt":"2022-04-07T10:17:35","slug":"mitgliederversammlung-2009","status":"publish","type":"page","link":"https:\/\/www.igkulturaargau.ch\/","title":{"rendered":"Informationen f\u00fcr die Mitglieder der IG"},"content":{"rendered":"<h2>Redaktionelle Vorschauen im AAKU<\/h2>\n<p>Die Redaktion des AAKU ist darauf angewiesen, fr\u00fchzeitig Hinweise auf Veranstaltungen zu bekommen. Da die Vorschauen \u2013 anders als beim JULI \u2013 redaktionell verfasst werden, also von internen und externen Journalistinnen und Journalisten geschrieben werden, ist die Vorlaufzeit deutlich l\u00e4nger. Es ist uns nicht m\u00f6glich, jedes Mal alle Homepages der Veranstalter abzuklappern auf der Suche nach tollen Konzerten, Theatern oder Ausstellungen. Wer fr\u00fch genug (rund eineinhalb Monate vor Erscheinungstermin AAKU) PR-Material schickt, hat ganz einfach gr\u00f6ssere Chancen mit einer Vorschau im AAKU vertreten zu sein.<br>Veranstaltungshinweise, wenn m\u00f6glich mit druckf\u00e4higen Fotos (ausschliesslich) an<br><a href=\"mailto:redaktion@aaku.ch\">redaktion@aaku.ch<\/a> senden.<br>Ihr k\u00f6nnt uns gerne auch Halbjahres\u00fcberblicke schicken und dabei die Monats-Highlights herausstreichen. Das erleichtert der kleinen Redaktion die Suche nach den Juwelen. Wir achten bei der Auswahl auf eine ausgewogene Verteilung der Regionen und Sparten.<\/p>\n<h2>Helft mit bei der Themenfindung<\/h2>\n<p>Das AAKU ist auf euch alle angewiesen. Wir sind eine zu kleine Redaktion und k\u00f6nnen unm\u00f6glich in allen Regionen und Kulturh\u00e4usern den \u00dcberblick bewahren. Drum meldet euch, ruft an, kommt vorbei und sagt, wo etwas Spannendes geschieht und wo kulturpolitische Themen lauern. Kommt demn\u00e4chst eine eloquente Musikerin, ein tiefsinniger Schauspieler zu euch? Sagt uns das, wir \u00fcberlassen gerne auch mal Menschen das Wort, die gerne und gut schreiben k\u00f6nnen. Oder wollt ihr selber einmal einen Beitrag verfassen?<br>Wir suchen nach interessierten Kulturmenschen, die Teil einer Programmgruppe werden m\u00f6chten, die mit dem AAKU-Team m\u00f6gliche Magazin-Themen besprechen, Feedbacks geben und Ansprechpersonen sein wollen f\u00fcr ihre Region. Meldet euch bei uns!<\/p>\n<p>AAKU-Team<br>Michael Hunziker, Philippe Neidhart, Dominik Achermann<br><a href=\"mailto:info@aaku.ch\">info@aaku.ch<\/a><\/p>\n\n\n<p><\/p>\n","protected":false},"excerpt":{"rendered":"<p>Redaktionelle Vorschauen im AAKU Die Redaktion des AAKU ist darauf angewiesen, fr\u00fchzeitig Hinweise auf Veranstaltungen zu bekommen. Da die Vorschauen \u2013 anders als beim JULI \u2013 redaktionell verfasst werden, also von internen und externen Journalistinnen und Journalisten geschrieben werden, ist die Vorlaufzeit deutlich l\u00e4nger. Es ist uns nicht m\u00f6glich, jedes Mal alle Homepages der Veranstalter [&hellip;]<\/p>\n","protected":false},"author":2,"featured_media":0,"parent":0,"menu_order":39,"comment_status":"closed","ping_status":"closed","template":"","meta":{"footnotes":""},"class_list":["post-147","page","type-page","status-publish","hentry"],"_links":{"self":[{"href":"https:\/\/www.igkulturaargau.ch\/index.php?rest_route=\/wp\/v2\/pages\/147","targetHints":{"allow":["GET"]}}],"collection":[{"href":"https:\/\/www.igkulturaargau.ch\/index.php?rest_route=\/wp\/v2\/pages"}],"about":[{"href":"https:\/\/www.igkulturaargau.ch\/index.php?rest_route=\/wp\/v2\/types\/page"}],"author":[{"embeddable":true,"href":"https:\/\/www.igkulturaargau.ch\/index.php?rest_route=\/wp\/v2\/users\/2"}],"replies":[{"embeddable":true,"href":"https:\/\/www.igkulturaargau.ch\/index.php?rest_route=%2Fwp%2Fv2%2Fcomments&post=147"}],"version-history":[{"count":66,"href":"https:\/\/www.igkulturaargau.ch\/index.php?rest_route=\/wp\/v2\/pages\/147\/revisions"}],"predecessor-version":[{"id":514,"href":"https:\/\/www.igkulturaargau.ch\/index.php?rest_route=\/wp\/v2\/pages\/147\/revisions\/514"}],"wp:attachment":[{"href":"https:\/\/www.igkulturaargau.ch\/index.php?rest_route=%2Fwp%2Fv2%2Fmedia&parent=147"}],"curies":[{"name":"wp","href":"https:\/\/api.w.org\/{rel}","templated":true}]}}